{"id":135,"date":"2022-03-15T18:24:38","date_gmt":"2022-03-15T23:24:38","guid":{"rendered":"https:\/\/ammura.co\/?page_id=135"},"modified":"2022-03-15T18:24:38","modified_gmt":"2022-03-15T23:24:38","slug":"gestion-de-nomina","status":"publish","type":"page","link":"https:\/\/ammura.co\/en\/servicios\/gestion-de-nomina\/","title":{"rendered":"Payroll Management"},"content":{"rendered":"<section class=\"wpb-content-wrapper\"><div data-vc-full-width=\"true\" data-vc-full-width-init=\"false\" class=\"vc_row wpb_row vc_row-fluid vc_custom_1647320870285 wd-rs-62301f22256d4\"><div class=\"wpb_column vc_column_container vc_col-sm-12 wd-alignment-left\"><div class=\"vc_column-inner\"><div class=\"wpb_wrapper\">\n\t\t\t<!-- START bannernomina REVOLUTION SLIDER 6.6.11 --><p class=\"rs-p-wp-fix\"><\/p>\n\t\t\t<rs-module-wrap id=\"rev_slider_7_1_wrapper\" data-source=\"gallery\" style=\"visibility:hidden;background:transparent;padding:0;margin:0px auto;margin-top:0;margin-bottom:0;\">\n\t\t\t\t<rs-module id=\"rev_slider_7_1\" style=\"\" data-version=\"6.6.11\">\n\t\t\t\t\t<rs-slides style=\"overflow: hidden; position: absolute;\">\n\t\t\t\t\t\t<rs-slide style=\"position: absolute;\" data-key=\"rs-11\" data-title=\"Slide\" data-anim=\"adpr:false;\" data-in=\"o:0;\" data-out=\"a:false;\">\n\t\t\t\t\t\t\t<img decoding=\"async\" src=\"\/\/ammura.co\/wp-content\/plugins\/revslider\/public\/assets\/assets\/dummy.png\" alt=\"\" width=\"1920\" height=\"790\" class=\"rev-slidebg tp-rs-img rs-lazyload\" data-lazyload=\"\/\/ammura.co\/wp-content\/uploads\/banner-nomina.jpg\" data-bg=\"p:center bottom;\" data-no-retina>\n<!--\n\t\t\t\t\t\t\t--><rs-layer\n\t\t\t\t\t\t\t\tid=\"slider-7-slide-11-layer-0\" \n\t\t\t\t\t\t\t\tdata-type=\"text\"\n\t\t\t\t\t\t\t\tdata-rsp_ch=\"on\"\n\t\t\t\t\t\t\t\tdata-xy=\"x:c;y:m;yo:-73px,-73px,-73px,-42px;\"\n\t\t\t\t\t\t\t\tdata-text=\"w:normal;s:50,50,50,28;l:70,70,70,43;fw:700;a:center;\"\n\t\t\t\t\t\t\t\tdata-dim=\"w:auto,auto,auto,339px;\"\n\t\t\t\t\t\t\t\tdata-frame_0=\"x:0,0,0,0px;y:0,0,0,0px;\"\n\t\t\t\t\t\t\t\tdata-frame_1=\"x:0,0,0,0px;y:0,0,0,0px;\"\n\t\t\t\t\t\t\t\tdata-frame_999=\"o:0;st:w;\"\n\t\t\t\t\t\t\t\tstyle=\"z-index:9;font-family:'Quicksand';\"\n\t\t\t\t\t\t\t>Payroll Management \n\t\t\t\t\t\t\t<\/rs-layer><!--\n-->\t\t\t\t\t\t<\/rs-slide>\n\t\t\t\t\t<\/rs-slides>\n\t\t\t\t<\/rs-module>\n\t\t\t\t<script>\n\t\t\t\t\tsetREVStartSize({c: 'rev_slider_7_1',rl:[1240,1240,1240,480],el:[790,790,790,500],gw:[1920,1920,1920,480],gh:[790,790,790,500],type:'standard',justify:'',layout:'fullwidth',mh:\"0\"});if (window.RS_MODULES!==undefined && window.RS_MODULES.modules!==undefined && window.RS_MODULES.modules[\"revslider71\"]!==undefined) {window.RS_MODULES.modules[\"revslider71\"].once = false;window.revapi7 = undefined;if (window.RS_MODULES.checkMinimal!==undefined) window.RS_MODULES.checkMinimal()}\n\t\t\t\t<\/script>\n\t\t\t<\/rs-module-wrap>\n\t\t\t<!-- END REVOLUTION SLIDER -->\n<\/div><\/div><\/div><\/div><div class=\"vc_row-full-width vc_clearfix\"><\/div><div data-vc-full-width=\"true\" data-vc-full-width-init=\"false\" class=\"vc_row wpb_row vc_row-fluid vc_custom_1647382936990 vc_row-has-fill wd-bg-left-center mobile-bg-img-hidden tablet-bg-img-hidden wd-rs-623111955ae0b\"><div class=\"wpb_column vc_column_container vc_col-sm-12 wd-alignment-left wd-rs-623111589f8db\"><div class=\"vc_column-inner vc_custom_1647382876239\"><div class=\"wpb_wrapper\"><div class=\"vc_row wpb_row vc_inner vc_row-fluid vc_column-gap-20 vc_row-o-content-middle vc_row-flex wd-rs-6231145ce03ed\"><div class=\"wpb_column vc_column_container vc_col-sm-6\"><div class=\"vc_column-inner\"><div class=\"wpb_wrapper\">\n\t<div  class=\"wpb_single_image wpb_content_element vc_align_center\">\n\t\t\n\t\t<figure class=\"wpb_wrapper vc_figure\">\n\t\t\t<div class=\"vc_single_image-wrapper   vc_box_border_grey\"><img loading=\"lazy\" decoding=\"async\" width=\"589\" height=\"665\" src=\"https:\/\/ammura.co\/wp-content\/uploads\/nomina.png\" class=\"vc_single_image-img attachment-full\" alt=\"Gesti\u00f3n de N\u00f3mina\" title=\"\" srcset=\"https:\/\/ammura.co\/wp-content\/uploads\/nomina.png 589w, https:\/\/ammura.co\/wp-content\/uploads\/nomina-266x300.png 266w, https:\/\/ammura.co\/wp-content\/uploads\/nomina-133x150.png 133w\" sizes=\"auto, (max-width: 589px) 100vw, 589px\" \/><\/div>\n\t\t<\/figure>\n\t<\/div>\n<\/div><\/div><\/div><div class=\"wpb_column vc_column_container vc_col-sm-6\"><div class=\"vc_column-inner\"><div class=\"wpb_wrapper\">\t\t\t<link rel=\"stylesheet\" id=\"wd-section-title-css\" href=\"https:\/\/ammura.co\/wp-content\/themes\/woodmart\/css\/parts\/el-section-title.min.css?ver=6.3.0\" type=\"text\/css\" media=\"all\" \/> \t\t\t\t\t\t<link rel=\"stylesheet\" id=\"wd-mod-highlighted-text-css\" href=\"https:\/\/ammura.co\/wp-content\/themes\/woodmart\/css\/parts\/mod-highlighted-text.min.css?ver=6.3.0\" type=\"text\/css\" media=\"all\" \/> \t\t\t\n\t\t<div id=\"wd-62311e743c579\" class=\"title-wrapper wd-wpb set-mb-s reset-last-child  wd-rs-62311e743c579 wd-title-color-default wd-title-style-default wd-width-100 text-left vc_custom_1647386239395 wd-underline-colored\">\n\t\t\t\n\t\t\t<div class=\"liner-continer\">\n\t\t\t\t<h4 class=\"woodmart-title-container title  wd-font-weight-700 wd-fontsize-xxl\" >Payroll Management<\/h4>\n\t\t\t\t\t\t\t<\/div>\n\t\t\t\n\t\t\t\t\t\t\t<div class=\"title-after_title  set-cont-mb-s reset-last-child  wd-fontsize-s\">We become the perfect complement for your human resources area. We provide you with constant support and advice in the management of your payroll. We take care of all your liquidation processes.<br \/>\n<\/div>\n\t\t\t\n\t\t\t\n\t\t<\/div>\n\t\t\n\t\t<div class=\"vc_empty_space\"   style=\"height: 32px\"><span class=\"vc_empty_space_inner\"><\/span><\/div><div id=\"wd-623110ad61dd5\" class=\"wd-rs-623110ad61dd5  wd-button-wrapper woodmart-button-wrapper text-center inline-element\"><a href=\"https:\/\/api.whatsapp.com\/send\/?phone=573013715689&text&app_absent=0\" title=\"\" target=\"_blank\" class=\"btn btn-color-primary btn-style-default btn-style-semi-round btn-size-large\">SPEAK WITH US<\/a><\/div><div id=\"wd-6231116125ac2\" class=\"wd-rs-6231116125ac2  wd-button-wrapper woodmart-button-wrapper text-center inline-element\"><a href=\"https:\/\/ammura.co\/servicios\/\" title=\"\" class=\"btn btn-color-primary btn-style-default btn-style-semi-round btn-size-large\">OUR SERVICES<\/a><\/div><\/div><\/div><\/div><\/div><\/div><\/div><\/div><\/div><div class=\"vc_row-full-width vc_clearfix\"><\/div>\n<\/section>","protected":false},"excerpt":{"rendered":"Gesti\u00f3n de N\u00f3mina Gesti\u00f3n de N\u00f3mina Nos convertimos en el complemento perfecto para tu \u00e1rea de recursos humanos. Te brindamos","protected":false},"author":1,"featured_media":0,"parent":98,"menu_order":0,"comment_status":"closed","ping_status":"closed","template":"","meta":{"footnotes":""},"class_list":["post-135","page","type-page","status-publish","hentry"],"_links":{"self":[{"href":"https:\/\/ammura.co\/en\/wp-json\/wp\/v2\/pages\/135","targetHints":{"allow":["GET"]}}],"collection":[{"href":"https:\/\/ammura.co\/en\/wp-json\/wp\/v2\/pages"}],"about":[{"href":"https:\/\/ammura.co\/en\/wp-json\/wp\/v2\/types\/page"}],"author":[{"embeddable":true,"href":"https:\/\/ammura.co\/en\/wp-json\/wp\/v2\/users\/1"}],"replies":[{"embeddable":true,"href":"https:\/\/ammura.co\/en\/wp-json\/wp\/v2\/comments?post=135"}],"version-history":[{"count":1,"href":"https:\/\/ammura.co\/en\/wp-json\/wp\/v2\/pages\/135\/revisions"}],"predecessor-version":[{"id":137,"href":"https:\/\/ammura.co\/en\/wp-json\/wp\/v2\/pages\/135\/revisions\/137"}],"up":[{"embeddable":true,"href":"https:\/\/ammura.co\/en\/wp-json\/wp\/v2\/pages\/98"}],"wp:attachment":[{"href":"https:\/\/ammura.co\/en\/wp-json\/wp\/v2\/media?parent=135"}],"curies":[{"name":"wp","href":"https:\/\/api.w.org\/{rel}","templated":true}]}}